{"id":203,"date":"2020-04-21T16:56:35","date_gmt":"2020-04-21T16:56:35","guid":{"rendered":"https:\/\/centerforinsuranceclai.live-website.com\/?page_id=203"},"modified":"2021-12-20T13:25:08","modified_gmt":"2021-12-20T13:25:08","slug":"impressum","status":"publish","type":"page","link":"https:\/\/mycic.eu\/de\/impressum","title":{"rendered":"Impressum"},"content":{"rendered":"<div style=\"height:63px\" aria-hidden=\"true\" class=\"wp-block-spacer\"><\/div>\n\n\n\n<p><strong>CiC Center for Insurance Claims<br>UG ( haftungsbeschr\u00e4nkt)<\/strong><br>Vertr. d.d. Gesch\u00e4ftsf\u00fchrer<br>Karlheinz Kutschenreiter<br>HRB 7955 AG Wetzlar<br>Kalteiche Ring 46<br>35708 Haiger<br>Telefon: +49 2736 20096 60<br>E-Mail: claimsger@mycic.eu<br>StNr: DE322774633<\/p>\n\n\n\n<p><strong>Haftungsausschluss<\/strong><br>Die bereitgestellten Informationen auf der Website wurden sorgf\u00e4ltig gepr\u00fcft und werden<br>regelm\u00e4\u00dfig aktualisiert. Jedoch kann keine Haftung oder Garantie daf\u00fcr \u00fcbernommen werden,<br>dass alle Angaben zu jeder Zeit vollst\u00e4ndig, richtig und aktuell sind. Dies gilt insbesondere<br>f\u00fcr alle Verbindungen (\u201eLinks\u201c) zu anderen Websites, auf die direkt oder indirekt verwiesen<br>wird. Hinsichtlich der Links erkl\u00e4ren wir ausdr\u00fccklich, dass sie keinen Einfluss auf<br>Gestaltung und Inhalte der verlinkten Seiten hat und sich die Inhalte nicht zu eigen macht.<br>Der Inhalt dieser Website ist urheberrechtlich gesch\u00fctzt. Jede ganz oder teilweise<br>Speicherung, Vervielf\u00e4ltigung oder sonstige Nutzung der auf dieser Website oder Profil<br>bereitgestellten Texte bedarf der vorherigen schriftlichen Zustimmung. Aus Gr\u00fcnden des<br>Urheberrechts ist auch die Speicherung und Vervielf\u00e4ltigung von Bildmaterial oder Grafiken<br>aus dieser Website nicht gestattet.<br>Urheberrechtshinweise und Markenbezeichnungen d\u00fcrfen weder ver\u00e4ndert noch beseitigt<br>werden. Der Abruf und die Nutzung unserer Website d\u00fcrfen nur in einer Art und Weise<br>geschehen, die die Nutzung des Online-Angebots durch andere Besucher und Nutzer nicht<br>beeintr\u00e4chtigt. Alle dar\u00fcber hinausgehenden Handlungen im Zusammenhang mit dieser<br>Internetpr\u00e4sentation bed\u00fcrfen der vorherigen schriftlichen Zustimmung. Ansprechpartner f\u00fcr<br>die Website und ggf. inhaltlich Verantwortlicher: Rechtsanwalt Karlheinz Kutschenreiter<br>Kontakt: siehe oben<br>Streitbeilegung<br>In Fall einer verm\u00f6gensrechtlichen Streitigkeit aus dem Mandatsverh\u00e4ltnis erkl\u00e4rt sich die<br>JuraSolutions Rechtsanwaltsgesellschaft mbH nicht bereit, an einem<br>Streitbeilegungsverfahren vor einer Verbraucherschlichtungsstelle teilzunehmen. Plattform<br>der EU zur au\u00dfergerichtlichen Online-Streitbeilegung: http:\/\/ec.europa.eu\/consumers\/odr\/<\/p>\n\n\n\n<p><strong>Hinweis auf den Datenschutz<\/strong><br>Durch die Nutzung dieser Website erkl\u00e4rt sich der Nutzer mit der Erhebung, Verarbeitung<br>und Nutzung von Daten gem\u00e4\u00df der nachfolgenden Beschreibung einverstanden: Diese<br>Website kann grunds\u00e4tzlich ohne Registrierung besucht werden, dabei werden zu statistischen<br>Zwecken Daten wie beispielsweise aufgerufene Seiten bzw. Namen der abgerufenen Datei,<br>Datum und Uhrzeit auf dem Server gespeichert, ohne dass diese Daten unmittelbar auf die<br>Person des Nutzers bezogen werden. Personenbezogene Daten &#8211; beispielsweise Namen,<br>Adresse, Telefonnummer oder E-Mail-Adresse &#8211; werden auf freiwilliger Basis erhoben. Die<br>erhobenen Daten werden ausschlie\u00dflich zur Realisierung des unmittelbaren Erhebungszwecks<br>verwendet.<br>Diese Website verwendet Cookies.<\/p>\n\n\n\n<div style=\"height:100px\" aria-hidden=\"true\" class=\"wp-block-spacer\"><\/div>\n\n\n\n<div class=\"wp-block-image\"><figure class=\"aligncenter size-large is-resized\"><img loading=\"lazy\" src=\"https:\/\/centerforinsuranceclai.live-website.com\/wp-content\/uploads\/2020\/04\/cropped-Cic-LogoPng-1.png\" alt=\"\" class=\"wp-image-91\" width=\"690\" height=\"136\" srcset=\"https:\/\/mycic.eu\/wp-content\/uploads\/2020\/04\/cropped-Cic-LogoPng-1.png 1000w, https:\/\/mycic.eu\/wp-content\/uploads\/2020\/04\/cropped-Cic-LogoPng-1-300x59.png 300w, https:\/\/mycic.eu\/wp-content\/uploads\/2020\/04\/cropped-Cic-LogoPng-1-768x151.png 768w\" sizes=\"(max-width: 690px) 100vw, 690px\" \/><\/figure><\/div>\n\n\n\n<hr class=\"wp-block-separator\"\/>\n\n\n\n<p class=\"has-text-align-center\"><a href=\"https:\/\/mycic.eu\/de\/\">Copyright\u00a9 Center for Insurance Claims 2020<\/a>&nbsp;|&nbsp;<a href=\"https:\/\/mycic.eu\/de\/impressum\/\">Impressum<\/a> | <a href=\"https:\/\/mycic.eu\/de\/data-protection\/\">Datenschutz<\/a><\/p>","protected":false},"excerpt":{"rendered":"<p>CiC Center for Insurance ClaimsUG ( haftungsbeschr\u00e4nkt)Vertr. d.d. Gesch\u00e4ftsf\u00fchrerKarlheinz KutschenreiterHRB 7955 AG WetzlarKalteiche Ring 4635708 HaigerTelefon: +49 2736 20096 60E-Mail: claimsger@mycic.euStNr: DE322774633 HaftungsausschlussDie bereitgestellten Informationen auf der Website wurden sorgf\u00e4ltig gepr\u00fcft und werdenregelm\u00e4\u00dfig aktualisiert. Jedoch kann keine Haftung oder Garantie daf\u00fcr \u00fcbernommen werden,dass alle Angaben zu jeder Zeit vollst\u00e4ndig, richtig und aktuell sind. Dies gilt&hellip; <a class=\"more-link\" href=\"https:\/\/mycic.eu\/de\/impressum\"><span class=\"screen-reader-text\">Impressum<\/span> weiterlesen<\/a><\/p>","protected":false},"author":1,"featured_media":0,"parent":0,"menu_order":0,"comment_status":"closed","ping_status":"closed","template":"","meta":{"_coblocks_attr":"Helvetica","_coblocks_dimensions":"","_coblocks_responsive_height":"","_coblocks_accordion_ie_support":"","_starter_page_template":""},"_links":{"self":[{"href":"https:\/\/mycic.eu\/de\/wp-json\/wp\/v2\/pages\/203"}],"collection":[{"href":"https:\/\/mycic.eu\/de\/wp-json\/wp\/v2\/pages"}],"about":[{"href":"https:\/\/mycic.eu\/de\/wp-json\/wp\/v2\/types\/page"}],"author":[{"embeddable":true,"href":"https:\/\/mycic.eu\/de\/wp-json\/wp\/v2\/users\/1"}],"replies":[{"embeddable":true,"href":"https:\/\/mycic.eu\/de\/wp-json\/wp\/v2\/comments?post=203"}],"version-history":[{"count":9,"href":"https:\/\/mycic.eu\/de\/wp-json\/wp\/v2\/pages\/203\/revisions"}],"predecessor-version":[{"id":526,"href":"https:\/\/mycic.eu\/de\/wp-json\/wp\/v2\/pages\/203\/revisions\/526"}],"wp:attachment":[{"href":"https:\/\/mycic.eu\/de\/wp-json\/wp\/v2\/media?parent=203"}],"curies":[{"name":"wp","href":"https:\/\/api.w.org\/{rel}","templated":true}]}}