{"id":113,"date":"2020-04-21T08:19:33","date_gmt":"2020-04-21T08:19:33","guid":{"rendered":"https:\/\/centerforinsuranceclai.live-website.com\/?page_id=113"},"modified":"2021-07-12T13:13:38","modified_gmt":"2021-07-12T13:13:38","slug":"113-2","status":"publish","type":"page","link":"https:\/\/mycic.eu\/de\/","title":{"rendered":"Claims notification"},"content":{"rendered":"<div class=\"wp-block-cover alignfull\" style=\"min-height:625px\"><img loading=\"lazy\" width=\"2560\" height=\"711\" class=\"wp-block-cover__image-background wp-image-445\" alt=\"\" src=\"https:\/\/mycic.eu\/wp-content\/uploads\/2021\/07\/aweeee-scaled.jpg\" data-object-fit=\"cover\" srcset=\"https:\/\/mycic.eu\/wp-content\/uploads\/2021\/07\/aweeee-scaled.jpg 2560w, https:\/\/mycic.eu\/wp-content\/uploads\/2021\/07\/aweeee-300x83.jpg 300w, https:\/\/mycic.eu\/wp-content\/uploads\/2021\/07\/aweeee-1024x284.jpg 1024w, https:\/\/mycic.eu\/wp-content\/uploads\/2021\/07\/aweeee-768x213.jpg 768w, https:\/\/mycic.eu\/wp-content\/uploads\/2021\/07\/aweeee-1536x427.jpg 1536w, https:\/\/mycic.eu\/wp-content\/uploads\/2021\/07\/aweeee-2048x569.jpg 2048w, https:\/\/mycic.eu\/wp-content\/uploads\/2021\/07\/aweeee-16x4.jpg 16w, https:\/\/mycic.eu\/wp-content\/uploads\/2021\/07\/aweeee-1200x333.jpg 1200w, https:\/\/mycic.eu\/wp-content\/uploads\/2021\/07\/aweeee-1568x436.jpg 1568w\" sizes=\"(max-width: 2560px) 100vw, 2560px\" \/><div class=\"wp-block-cover__inner-container\">\n<p class=\"has-text-align-center has-large-font-size\"><\/p>\n<\/div><\/div>\n\n\n\n<div style=\"height:45px\" aria-hidden=\"true\" class=\"wp-block-spacer\"><\/div>\n\n\n\n<h2 style=\"font-size:41px\"><strong>Wir regulieren Ihre Personen- und\/oder Sachsch\u00e4den!<\/strong><\/h2>\n\n\n\n<p class=\"has-text-align-left has-very-dark-gray-color has-text-color has-normal-font-size has-custom-weight\" style=\"font-weight:normal\">Nach einem Verkehrsunfall sind sofortige Ma\u00dfnahmen und schnelle Hilfe erforderlich, um das Opfer\ndes Verkehrsunfalls zu sch\u00fctzen, das Schadensausma\u00df zu begrenzen und einen schnellen\nSchadensersatz zu gew\u00e4hrleisten. Dies gilt insbesondere f\u00fcr Verkehrsunf\u00e4lle, bei denen das Fahrzeug,\ndas den Unfall verursacht hat, im Ausland zugelassen ist. Herk\u00f6mmlichen Dienstleistern in diesem\nBereich mangelt es h\u00e4ufig an Innovation, Einf\u00fchlungsverm\u00f6gen und Servicequalit\u00e4t! Wir sind ein\njunges Start-up, das derzeit nur in Manchester (Gro\u00dfbritannien) und D\u00fcsseldorf (Deutschland)\nans\u00e4ssig ist. Wir sind prozessorientiert, technologie- und serviceorientiert und verfolgen nur ein Ziel:\nIhren Anspruch im Auftrag des zust\u00e4ndigen Versicherers so schnell wie m\u00f6glich zu regulieren!<\/p>\n\n\n\n<h2 class=\"has-text-align-right\" style=\"font-size:41px\"><strong><br>Nach einem Verkehrsunfall<\/strong><\/h2>\n\n\n\n<p class=\"has-text-align-right has-very-dark-gray-color has-text-color has-normal-font-size\">Bewahren Sie Ruhe und versuchen Sie Geduld aufzubringen! Statistisch gesehen ist jeder Fahrer mindestens drei- oder viermal in seinem Leben in einen Verkehrsunfall verwickelt. Wir verstehen, was Sie durchmachen - Ihre Wut, Ihre Angst und m\u00f6glicherweise Ihren Schmerz! Wir werden unser Bestes tun, um eine schnelle Abwicklung Ihrer Forderung zu gew\u00e4hrleisten. Beachten Sie jedoch, dass bei einem Verkehrsunfall mit einem im Ausland zugelassenen Fahrzeug die Schadensregulierung naturgem\u00e4\u00df l\u00e4nger dauert, als wenn beide Unfallparteien im selben Land ans\u00e4ssig sind und dieselbe Sprache sprechen.<\/p>\n\n\n\n<h2 class=\"has-text-align-left\" style=\"font-size:41px\"><strong><br>Unser Service<\/strong><\/h2>\n\n\n\n<p class=\"has-text-align-left has-very-dark-gray-color has-text-color has-normal-font-size\">Melden Sie Ihren Schaden online und stellen Sie uns Fotos, Dokumente und Informationen zum Unfall\nzur Verf\u00fcgung. Nach Eingang Ihrer Schadensmeldung nehmen wir Kontakt mit dem zust\u00e4ndigen\nVersicherer auf, untersuchen die Unfallumst\u00e4nde und regulieren den Schaden. Sollten Sie Hilfe\nben\u00f6tigen, kontaktieren Sie uns: Wir werden alle notwendigen Vorkehrungen treffen! Melden Sie jetzt\nIhren Schaden!<\/p>\n\n\n\n<div style=\"height:24px\" aria-hidden=\"true\" class=\"wp-block-spacer\"><\/div>\n\n\n\n<figure class=\"wp-block-image size-large\"><img loading=\"lazy\" width=\"1000\" height=\"500\" src=\"https:\/\/mycic.eu\/wp-content\/uploads\/2020\/04\/Bild1Ger.jpg\" alt=\"\" class=\"wp-image-222\" srcset=\"https:\/\/mycic.eu\/wp-content\/uploads\/2020\/04\/Bild1Ger.jpg 1000w, https:\/\/mycic.eu\/wp-content\/uploads\/2020\/04\/Bild1Ger-300x150.jpg 300w, https:\/\/mycic.eu\/wp-content\/uploads\/2020\/04\/Bild1Ger-768x384.jpg 768w\" sizes=\"(max-width: 1000px) 100vw, 1000px\" \/><\/figure>\n\n\n\n<figure class=\"wp-block-image size-large\"><img loading=\"lazy\" width=\"1000\" height=\"500\" src=\"https:\/\/mycic.eu\/wp-content\/uploads\/2020\/04\/Bild2Ger.jpg\" alt=\"\" class=\"wp-image-225\" srcset=\"https:\/\/mycic.eu\/wp-content\/uploads\/2020\/04\/Bild2Ger.jpg 1000w, https:\/\/mycic.eu\/wp-content\/uploads\/2020\/04\/Bild2Ger-300x150.jpg 300w, https:\/\/mycic.eu\/wp-content\/uploads\/2020\/04\/Bild2Ger-768x384.jpg 768w\" sizes=\"(max-width: 1000px) 100vw, 1000px\" \/><\/figure>\n\n\n\n<figure class=\"wp-block-image size-large\"><img loading=\"lazy\" width=\"1000\" height=\"500\" src=\"https:\/\/mycic.eu\/wp-content\/uploads\/2020\/04\/3-submit-claim.jpg\" alt=\"\" class=\"wp-image-224\" srcset=\"https:\/\/mycic.eu\/wp-content\/uploads\/2020\/04\/3-submit-claim.jpg 1000w, https:\/\/mycic.eu\/wp-content\/uploads\/2020\/04\/3-submit-claim-300x150.jpg 300w, https:\/\/mycic.eu\/wp-content\/uploads\/2020\/04\/3-submit-claim-768x384.jpg 768w\" sizes=\"(max-width: 1000px) 100vw, 1000px\" \/><\/figure>\n\n\n\n<div style=\"height:20px\" aria-hidden=\"true\" class=\"wp-block-spacer\"><\/div>\n\n\n\n<div class=\"wp-container-69f4dd4389f5e wp-block-buttons is-content-justification-center\">\n<div class=\"wp-block-button is-style-outline\"><a class=\"wp-block-button__link\" href=\"https:\/\/mycic.eu\/de\/are-you-lev-ins-insured\/\" rel=\"\">Unfall JETZT melden<\/a><\/div>\n<\/div>","protected":false},"excerpt":{"rendered":"<p>We settle your claims for personal injuries and material damages! A road traffic accident requires immediate actions and fast assistance. The aim is to protect the victim, limit the extent of the damage, and ensure swift compensations. This especially applies to road traffic accidents, in which the vehicle that caused the accident is registered abroad.&hellip; <a class=\"more-link\" href=\"https:\/\/mycic.eu\/de\/\"><span class=\"screen-reader-text\">Claims notification<\/span> weiterlesen<\/a><\/p>","protected":false},"author":1,"featured_media":0,"parent":0,"menu_order":0,"comment_status":"closed","ping_status":"closed","template":"","meta":{"_coblocks_attr":"Helvetica,Helvetica","_coblocks_dimensions":"","_coblocks_responsive_height":"","_coblocks_accordion_ie_support":"","_starter_page_template":""},"_links":{"self":[{"href":"https:\/\/mycic.eu\/de\/wp-json\/wp\/v2\/pages\/113"}],"collection":[{"href":"https:\/\/mycic.eu\/de\/wp-json\/wp\/v2\/pages"}],"about":[{"href":"https:\/\/mycic.eu\/de\/wp-json\/wp\/v2\/types\/page"}],"author":[{"embeddable":true,"href":"https:\/\/mycic.eu\/de\/wp-json\/wp\/v2\/users\/1"}],"replies":[{"embeddable":true,"href":"https:\/\/mycic.eu\/de\/wp-json\/wp\/v2\/comments?post=113"}],"version-history":[{"count":71,"href":"https:\/\/mycic.eu\/de\/wp-json\/wp\/v2\/pages\/113\/revisions"}],"predecessor-version":[{"id":447,"href":"https:\/\/mycic.eu\/de\/wp-json\/wp\/v2\/pages\/113\/revisions\/447"}],"wp:attachment":[{"href":"https:\/\/mycic.eu\/de\/wp-json\/wp\/v2\/media?parent=113"}],"curies":[{"name":"wp","href":"https:\/\/api.w.org\/{rel}","templated":true}]}}